{"id":1624,"date":"2024-01-23T18:58:22","date_gmt":"2024-01-23T17:58:22","guid":{"rendered":"https:\/\/camping-la-ferme.com\/?page_id=1624"},"modified":"2026-05-01T15:53:54","modified_gmt":"2026-05-01T13:53:54","slug":"noordse-peul","status":"publish","type":"page","link":"https:\/\/camping-la-ferme.com\/nl\/pod-nordique\/","title":{"rendered":"Nordic Pod"},"content":{"rendered":"\t\t<div data-elementor-type=\"wp-page\" data-elementor-id=\"1624\" class=\"elementor elementor-1624\" data-elementor-post-type=\"page\">\n\t\t\t\t<div class=\"elementor-element elementor-element-5fe6d77 e-flex e-con-boxed e-con e-parent\" data-id=\"5fe6d77\" data-element_type=\"container\" data-e-type=\"container\" data-settings=\"{&quot;background_background&quot;:&quot;classic&quot;}\">\n\t\t\t\t\t<div class=\"e-con-inner\">\n\t\t<div class=\"elementor-element elementor-element-34ab043 e-flex e-con-boxed e-con e-child\" data-id=\"34ab043\" data-element_type=\"container\" data-e-type=\"container\">\n\t\t\t\t\t<div class=\"e-con-inner\">\n\t\t\t\t<div class=\"elementor-element elementor-element-5fe5046 elementor-invisible elementor-widget elementor-widget-heading\" data-id=\"5fe5046\" data-element_type=\"widget\" data-e-type=\"widget\" data-settings=\"{&quot;_animation&quot;:&quot;fadeIn&quot;}\" data-widget_type=\"heading.default\">\n\t\t\t\t<div class=\"elementor-widget-container\">\n\t\t\t\t\t<h2 class=\"elementor-heading-title elementor-size-default\">Pod Nordique<\/h2>\t\t\t\t<\/div>\n\t\t\t\t<\/div>\n\t\t\t\t<div class=\"elementor-element elementor-element-b21431b elementor-widget-divider--view-line elementor-widget elementor-widget-divider\" data-id=\"b21431b\" data-element_type=\"widget\" data-e-type=\"widget\" data-widget_type=\"divider.default\">\n\t\t\t\t<div class=\"elementor-widget-container\">\n\t\t\t\t\t\t\t<div class=\"elementor-divider\">\n\t\t\t<span class=\"elementor-divider-separator\">\n\t\t\t\t\t\t<\/span>\n\t\t<\/div>\n\t\t\t\t\t\t<\/div>\n\t\t\t\t<\/div>\n\t\t\t\t<div class=\"elementor-element elementor-element-2836c65 elementor-widget__width-initial elementor-widget-mobile__width-inherit elementor-invisible elementor-widget elementor-widget-text-editor\" data-id=\"2836c65\" data-element_type=\"widget\" data-e-type=\"widget\" data-settings=\"{&quot;_animation&quot;:&quot;fadeIn&quot;,&quot;_animation_delay&quot;:&quot;200&quot;}\" data-widget_type=\"text-editor.default\">\n\t\t\t\t<div class=\"elementor-widget-container\">\n\t\t\t\t\t\t\t\t\t<p>Une exp\u00e9rience nordique unique avec notre Pod, pens\u00e9 pour un s\u00e9jour confortable.<\/p>\t\t\t\t\t\t\t\t<\/div>\n\t\t\t\t<\/div>\n\t\t\t\t\t<\/div>\n\t\t\t\t<\/div>\n\t\t\t\t\t<\/div>\n\t\t\t\t<\/div>\n\t\t<div class=\"elementor-element elementor-element-8aea385 e-flex e-con-boxed e-con e-parent\" data-id=\"8aea385\" data-element_type=\"container\" data-e-type=\"container\">\n\t\t\t\t\t<div class=\"e-con-inner\">\n\t\t<div class=\"elementor-element elementor-element-1ae54892 e-con-full e-flex e-con e-child\" data-id=\"1ae54892\" data-element_type=\"container\" data-e-type=\"container\">\n\t\t\t\t<div class=\"elementor-element elementor-element-f9ef2c elementor-widget__width-initial elementor-widget-mobile__width-inherit elementor-invisible elementor-widget elementor-widget-heading\" data-id=\"f9ef2c\" data-element_type=\"widget\" data-e-type=\"widget\" data-settings=\"{&quot;_animation&quot;:&quot;fadeIn&quot;}\" data-widget_type=\"heading.default\">\n\t\t\t\t<div class=\"elementor-widget-container\">\n\t\t\t\t\t<h2 class=\"elementor-heading-title elementor-size-default\">Pod Nordique 13 m\u00b2<\/h2>\t\t\t\t<\/div>\n\t\t\t\t<\/div>\n\t\t\t\t<div class=\"elementor-element elementor-element-aa2d83d elementor-widget elementor-widget-spacer\" data-id=\"aa2d83d\" data-element_type=\"widget\" data-e-type=\"widget\" data-widget_type=\"spacer.default\">\n\t\t\t\t<div class=\"elementor-widget-container\">\n\t\t\t\t\t\t\t<div class=\"elementor-spacer\">\n\t\t\t<div class=\"elementor-spacer-inner\"><\/div>\n\t\t<\/div>\n\t\t\t\t\t\t<\/div>\n\t\t\t\t<\/div>\n\t\t\t\t<div class=\"elementor-element elementor-element-e0fbf7f elementor-widget elementor-widget-text-editor\" data-id=\"e0fbf7f\" data-element_type=\"widget\" data-e-type=\"widget\" data-widget_type=\"text-editor.default\">\n\t\t\t\t<div class=\"elementor-widget-container\">\n\t\t\t\t\t\t\t\t\t<div class=\"flex-1 overflow-hidden\"><div class=\"react-scroll-to-bottom--css-ksujx-79elbk h-full\"><div class=\"react-scroll-to-bottom--css-ksujx-1n7m0yu\"><div class=\"flex flex-col pb-9 text-sm\"><div class=\"w-full text-token-text-primary\" data-testid=\"conversation-turn-29\"><div class=\"px-4 py-2 justify-center text-base md:gap-6 m-auto\"><div class=\"flex flex-1 text-base mx-auto gap-3 md:px-5 lg:px-1 xl:px-5 md:max-w-3xl lg:max-w-[40rem] xl:max-w-[48rem] group final-completion\"><div class=\"relative flex w-full flex-col lg:w-[calc(100%-115px)] agent-turn\"><div class=\"flex-col gap-1 md:gap-3\"><div class=\"flex flex-grow flex-col max-w-full\"><div class=\"min-h-[20px] text-message flex flex-col items-start gap-3 whitespace-pre-wrap break-words [.text-message+&amp;]:mt-5 overflow-x-auto\" data-message-author-role=\"assistant\" data-message-id=\"18968c15-f0b5-4e3a-be90-02ff2b5c7a1f\"><div class=\"markdown prose w-full break-words dark:prose-invert light\"><p>Voici les caract\u00e9ristiques de notre Pod Nordique :<\/p><ul><li><strong>Ambiance Nordique :<\/strong> Un espace de 13 m\u00b2 inspir\u00e9 par la simplicit\u00e9 et la chaleur nordique.<\/li><li><strong>Couchage Confortable :<\/strong> Un lit de 140 x 190 pour des nuits douillettes.<\/li><li><strong>Salle de Bain Privative :<\/strong> Douche et WC pour votre confort et votre intimit\u00e9.<\/li><li><strong>Espace de Vie Convivial :<\/strong><ul><li>Banquette avec table et 2 tabourets pour des moments de d\u00e9tente.<\/li><li>T\u00e9l\u00e9viseur pour vous divertir pendant votre s\u00e9jour.<\/li><\/ul><\/li><li><strong>Kitchenette \u00c9quip\u00e9e :<\/strong><ul><li>\u00c9vier pour vos besoins quotidiens.<\/li><li>R\u00e9frig\u00e9rateur pour garder vos aliments frais.<\/li><li>Micro-onde pour des repas rapides.<\/li><\/ul><\/li><li><strong>Climatisation :<\/strong> Un climat int\u00e9rieur optimal pour toutes les saisons.<\/li><li><strong>Terrasse Cocooning :<\/strong> Profitez de l&rsquo;ext\u00e9rieur sur notre terrasse avec petit salon de jardin.<\/li><\/ul><p>D\u00e9couvrez le confort et le charme nordique de notre Pod.<\/p><\/div><\/div><\/div><\/div><\/div><\/div><\/div><\/div><\/div><\/div><\/div><\/div>\t\t\t\t\t\t\t\t<\/div>\n\t\t\t\t<\/div>\n\t\t\t\t<div class=\"elementor-element elementor-element-9a475d6 elementor-align-right elementor-widget elementor-widget-button\" data-id=\"9a475d6\" data-element_type=\"widget\" data-e-type=\"widget\" data-widget_type=\"button.default\">\n\t\t\t\t<div class=\"elementor-widget-container\">\n\t\t\t\t\t\t\t\t\t<div class=\"elementor-button-wrapper\">\n\t\t\t\t\t<a class=\"elementor-button elementor-button-link elementor-size-sm\" href=\"https:\/\/camping-la-ferme.com\/nl\/booking\/\">\n\t\t\t\t\t\t<span class=\"elementor-button-content-wrapper\">\n\t\t\t\t\t\t\t\t\t<span class=\"elementor-button-text\">R\u00e9servez<\/span>\n\t\t\t\t\t<\/span>\n\t\t\t\t\t<\/a>\n\t\t\t\t<\/div>\n\t\t\t\t\t\t\t\t<\/div>\n\t\t\t\t<\/div>\n\t\t\t\t<\/div>\n\t\t<div class=\"elementor-element elementor-element-3a68dab9 e-con-full e-flex elementor-invisible e-con e-child\" data-id=\"3a68dab9\" data-element_type=\"container\" data-e-type=\"container\" data-settings=\"{&quot;animation&quot;:&quot;fadeIn&quot;}\">\n\t\t\t\t<div class=\"elementor-element elementor-element-5c1752aa elementor-widget elementor-widget-image\" data-id=\"5c1752aa\" data-element_type=\"widget\" data-e-type=\"widget\" data-widget_type=\"image.default\">\n\t\t\t\t<div class=\"elementor-widget-container\">\n\t\t\t\t\t\t\t\t\t\t\t\t\t\t\t<img fetchpriority=\"high\" decoding=\"async\" width=\"1418\" height=\"1440\" src=\"https:\/\/camping-la-ferme.com\/wp-content\/uploads\/2024\/01\/Pod-nordique1-1.webp\" class=\"attachment-full size-full wp-image-2262\" alt=\"Studio Pod\" srcset=\"https:\/\/camping-la-ferme.com\/wp-content\/uploads\/2024\/01\/Pod-nordique1-1.webp 1418w, https:\/\/camping-la-ferme.com\/wp-content\/uploads\/2024\/01\/Pod-nordique1-1-295x300.webp 295w, https:\/\/camping-la-ferme.com\/wp-content\/uploads\/2024\/01\/Pod-nordique1-1-1008x1024.webp 1008w, https:\/\/camping-la-ferme.com\/wp-content\/uploads\/2024\/01\/Pod-nordique1-1-768x780.webp 768w\" sizes=\"(max-width: 1418px) 100vw, 1418px\" \/>\t\t\t\t\t\t\t\t\t\t\t\t\t\t\t<\/div>\n\t\t\t\t<\/div>\n\t\t\t\t<\/div>\n\t\t\t\t\t<\/div>\n\t\t\t\t<\/div>\n\t\t\t\t<section class=\"elementor-section elementor-inner-section elementor-element elementor-element-7fa3cdea elementor-section-boxed elementor-section-height-default elementor-section-height-default\" data-id=\"7fa3cdea\" data-element_type=\"section\" data-e-type=\"section\">\n\t\t\t\t\t\t<div class=\"elementor-container elementor-column-gap-no\">\n\t\t\t\t\t<div class=\"elementor-column elementor-col-50 elementor-inner-column elementor-element elementor-element-676a7ea0\" data-id=\"676a7ea0\" data-element_type=\"column\" data-e-type=\"column\">\n\t\t\t<div class=\"elementor-widget-wrap elementor-element-populated\">\n\t\t\t\t\t\t<div class=\"elementor-element elementor-element-60d1a7c elementor-icon-list--layout-traditional elementor-list-item-link-full_width elementor-widget elementor-widget-icon-list\" data-id=\"60d1a7c\" data-element_type=\"widget\" data-e-type=\"widget\" data-widget_type=\"icon-list.default\">\n\t\t\t\t<div class=\"elementor-widget-container\">\n\t\t\t\t\t\t\t<ul class=\"elementor-icon-list-items\">\n\t\t\t\t\t\t\t<li class=\"elementor-icon-list-item\">\n\t\t\t\t\t\t\t\t\t\t\t<span class=\"elementor-icon-list-icon\">\n\t\t\t\t\t\t\t<i aria-hidden=\"true\" class=\"jki jki-checkmark-light\"><\/i>\t\t\t\t\t\t<\/span>\n\t\t\t\t\t\t\t\t\t\t<span class=\"elementor-icon-list-text\">Lit double<\/span>\n\t\t\t\t\t\t\t\t\t<\/li>\n\t\t\t\t\t\t\t\t<li class=\"elementor-icon-list-item\">\n\t\t\t\t\t\t\t\t\t\t\t<span class=\"elementor-icon-list-icon\">\n\t\t\t\t\t\t\t<i aria-hidden=\"true\" class=\"jki jki-checkmark-light\"><\/i>\t\t\t\t\t\t<\/span>\n\t\t\t\t\t\t\t\t\t\t<span class=\"elementor-icon-list-text\">TV TNT<\/span>\n\t\t\t\t\t\t\t\t\t<\/li>\n\t\t\t\t\t\t\t\t<li class=\"elementor-icon-list-item\">\n\t\t\t\t\t\t\t\t\t\t\t<span class=\"elementor-icon-list-icon\">\n\t\t\t\t\t\t\t<i aria-hidden=\"true\" class=\"jki jki-checkmark-light\"><\/i>\t\t\t\t\t\t<\/span>\n\t\t\t\t\t\t\t\t\t\t<span class=\"elementor-icon-list-text\">R\u00e9frig\u00e9rateur<\/span>\n\t\t\t\t\t\t\t\t\t<\/li>\n\t\t\t\t\t\t\t\t<li class=\"elementor-icon-list-item\">\n\t\t\t\t\t\t\t\t\t\t\t<span class=\"elementor-icon-list-icon\">\n\t\t\t\t\t\t\t<i aria-hidden=\"true\" class=\"jki jki-checkmark-light\"><\/i>\t\t\t\t\t\t<\/span>\n\t\t\t\t\t\t\t\t\t\t<span class=\"elementor-icon-list-text\">Plaque induction<\/span>\n\t\t\t\t\t\t\t\t\t<\/li>\n\t\t\t\t\t\t<\/ul>\n\t\t\t\t\t\t<\/div>\n\t\t\t\t<\/div>\n\t\t\t\t\t<\/div>\n\t\t<\/div>\n\t\t\t\t<div class=\"elementor-column elementor-col-50 elementor-inner-column elementor-element elementor-element-d0dbb8\" data-id=\"d0dbb8\" data-element_type=\"column\" data-e-type=\"column\">\n\t\t\t<div class=\"elementor-widget-wrap elementor-element-populated\">\n\t\t\t\t\t\t<div class=\"elementor-element elementor-element-b136b87 elementor-icon-list--layout-traditional elementor-list-item-link-full_width elementor-widget elementor-widget-icon-list\" data-id=\"b136b87\" data-element_type=\"widget\" data-e-type=\"widget\" data-widget_type=\"icon-list.default\">\n\t\t\t\t<div class=\"elementor-widget-container\">\n\t\t\t\t\t\t\t<ul class=\"elementor-icon-list-items\">\n\t\t\t\t\t\t\t<li class=\"elementor-icon-list-item\">\n\t\t\t\t\t\t\t\t\t\t\t<span class=\"elementor-icon-list-icon\">\n\t\t\t\t\t\t\t<i aria-hidden=\"true\" class=\"jki jki-checkmark-light\"><\/i>\t\t\t\t\t\t<\/span>\n\t\t\t\t\t\t\t\t\t\t<span class=\"elementor-icon-list-text\">Cafeti\u00e8re<\/span>\n\t\t\t\t\t\t\t\t\t<\/li>\n\t\t\t\t\t\t\t\t<li class=\"elementor-icon-list-item\">\n\t\t\t\t\t\t\t\t\t\t\t<span class=\"elementor-icon-list-icon\">\n\t\t\t\t\t\t\t<i aria-hidden=\"true\" class=\"jki jki-checkmark-light\"><\/i>\t\t\t\t\t\t<\/span>\n\t\t\t\t\t\t\t\t\t\t<span class=\"elementor-icon-list-text\">WIFI gratuit<\/span>\n\t\t\t\t\t\t\t\t\t<\/li>\n\t\t\t\t\t\t\t\t<li class=\"elementor-icon-list-item\">\n\t\t\t\t\t\t\t\t\t\t\t<span class=\"elementor-icon-list-icon\">\n\t\t\t\t\t\t\t<i aria-hidden=\"true\" class=\"jki jki-checkmark-light\"><\/i>\t\t\t\t\t\t<\/span>\n\t\t\t\t\t\t\t\t\t\t<span class=\"elementor-icon-list-text\">Climatisation<\/span>\n\t\t\t\t\t\t\t\t\t<\/li>\n\t\t\t\t\t\t\t\t<li class=\"elementor-icon-list-item\">\n\t\t\t\t\t\t\t\t\t\t\t<span class=\"elementor-icon-list-icon\">\n\t\t\t\t\t\t\t<i aria-hidden=\"true\" class=\"jki jki-checkmark-light\"><\/i>\t\t\t\t\t\t<\/span>\n\t\t\t\t\t\t\t\t\t\t<span class=\"elementor-icon-list-text\">Draps et serviettes offerts<\/span>\n\t\t\t\t\t\t\t\t\t<\/li>\n\t\t\t\t\t\t<\/ul>\n\t\t\t\t\t\t<\/div>\n\t\t\t\t<\/div>\n\t\t\t\t\t<\/div>\n\t\t<\/div>\n\t\t\t\t\t<\/div>\n\t\t<\/section>\n\t\t<div class=\"elementor-element elementor-element-5d290c5e e-flex e-con-boxed e-con e-parent\" data-id=\"5d290c5e\" data-element_type=\"container\" data-e-type=\"container\">\n\t\t\t\t\t<div class=\"e-con-inner\">\n\t\t\t\t<div class=\"elementor-element elementor-element-4d2c422a elementor-invisible elementor-widget elementor-widget-jkit_testimonials\" data-id=\"4d2c422a\" data-element_type=\"widget\" data-e-type=\"widget\" data-settings=\"{&quot;_animation&quot;:&quot;fadeIn&quot;,&quot;_animation_delay&quot;:&quot;200&quot;}\" data-widget_type=\"jkit_testimonials.default\">\n\t\t\t\t<div class=\"elementor-widget-container\">\n\t\t\t\t\t<div  class=\"jeg-elementor-kit jkit-testimonials arrow-middle-edge style-1  jeg_module___69f5bebdd5c16\"  data-id=\"jeg_module___69f5bebdd5c16\" data-settings=\"{&quot;autoplay&quot;:true,&quot;autoplay_speed&quot;:5000,&quot;autoplay_hover_pause&quot;:false,&quot;show_navigation&quot;:true,&quot;navigation_left&quot;:&quot;&lt;span&gt;&lt;svg aria-hidden=\\&quot;true\\&quot; class=\\&quot;e-font-icon-svg e-fas-caret-left\\&quot; viewBox=\\&quot;0 0 192 512\\&quot; xmlns=\\&quot;http:\\\/\\\/www.w3.org\\\/2000\\\/svg\\&quot;&gt;&lt;path d=\\&quot;M192 127.338v257.324c0 17.818-21.543 26.741-34.142 14.142L29.196 270.142c-7.81-7.81-7.81-20.474 0-28.284l128.662-128.662c12.599-12.6 34.142-3.676 34.142 14.142z\\&quot;&gt;&lt;\\\/path&gt;&lt;\\\/svg&gt;&lt;\\\/span&gt;&quot;,&quot;navigation_right&quot;:&quot;&lt;span&gt;&lt;svg aria-hidden=\\&quot;true\\&quot; class=\\&quot;e-font-icon-svg e-fas-caret-right\\&quot; viewBox=\\&quot;0 0 192 512\\&quot; xmlns=\\&quot;http:\\\/\\\/www.w3.org\\\/2000\\\/svg\\&quot;&gt;&lt;path d=\\&quot;M0 384.662V127.338c0-17.818 21.543-26.741 34.142-14.142l128.662 128.662c7.81 7.81 7.81 20.474 0 28.284L34.142 398.804C21.543 411.404 0 402.48 0 384.662z\\&quot;&gt;&lt;\\\/path&gt;&lt;\\\/svg&gt;&lt;\\\/span&gt;&quot;,&quot;show_dots&quot;:true,&quot;arrow_position&quot;:&quot;bottom&quot;,&quot;responsive&quot;:{&quot;desktop&quot;:{&quot;items&quot;:3,&quot;margin&quot;:39,&quot;breakpoint&quot;:1367},&quot;laptop&quot;:{&quot;items&quot;:3,&quot;margin&quot;:39,&quot;breakpoint&quot;:1201},&quot;tablet_extra&quot;:{&quot;items&quot;:3,&quot;margin&quot;:39,&quot;breakpoint&quot;:1025},&quot;tablet&quot;:{&quot;items&quot;:&quot;3&quot;,&quot;margin&quot;:39,&quot;breakpoint&quot;:881},&quot;mobile_extra&quot;:{&quot;items&quot;:&quot;3&quot;,&quot;margin&quot;:39,&quot;breakpoint&quot;:768},&quot;mobile&quot;:{&quot;items&quot;:1,&quot;margin&quot;:10,&quot;breakpoint&quot;:0}}}\"><div class=\"testimonials-list\">\n            <div class=\"testimonials-track\"><div class=\"testimonial-item  elementor-repeater-item-b820778\">\n                <div class=\"testimonial-box\" >\n                    <div class=\"testimonial-slider hover-from-left\">\n                        <div class=\"comment-bio\">\n                <div class=\"profile-image\"><\/div>\n                <ul class=\"rating-stars\"><\/ul>\n                <span class=\"profile-info\">\n                    <strong class=\"profile-name\"><\/strong>\n                    <p class=\"profile-des\"><\/p>\n                <\/span>\n            <\/div><div class=\"comment-content\"><div class=\"icon-content\"><\/div><p><\/p><\/div>\n                    <\/div>\n                <\/div>\n            <\/div><div class=\"testimonial-item  elementor-repeater-item-411bdcc\">\n                <div class=\"testimonial-box\" >\n                    <div class=\"testimonial-slider hover-from-left\">\n                        <div class=\"comment-bio\">\n                <div class=\"profile-image\"><\/div>\n                <ul class=\"rating-stars\"><\/ul>\n                <span class=\"profile-info\">\n                    <strong class=\"profile-name\"><\/strong>\n                    <p class=\"profile-des\"><\/p>\n                <\/span>\n            <\/div><div class=\"comment-content\"><div class=\"icon-content\"><\/div><p><\/p><\/div>\n                    <\/div>\n                <\/div>\n            <\/div><div class=\"testimonial-item  elementor-repeater-item-613f0b2\">\n                <div class=\"testimonial-box\" >\n                    <div class=\"testimonial-slider hover-from-left\">\n                        <div class=\"comment-bio\">\n                <div class=\"profile-image\"><\/div>\n                <ul class=\"rating-stars\"><\/ul>\n                <span class=\"profile-info\">\n                    <strong class=\"profile-name\"><\/strong>\n                    <p class=\"profile-des\"><\/p>\n                <\/span>\n            <\/div><div class=\"comment-content\"><div class=\"icon-content\"><\/div><p><\/p><\/div>\n                    <\/div>\n                <\/div>\n            <\/div><div class=\"testimonial-item  elementor-repeater-item-9e1469d\">\n                <div class=\"testimonial-box\" >\n                    <div class=\"testimonial-slider hover-from-left\">\n                        <div class=\"comment-bio\">\n                <div class=\"profile-image\"><\/div>\n                <ul class=\"rating-stars\"><\/ul>\n                <span class=\"profile-info\">\n                    <strong class=\"profile-name\"><\/strong>\n                    <p class=\"profile-des\"><\/p>\n                <\/span>\n            <\/div><div class=\"comment-content\"><div class=\"icon-content\"><\/div><p><\/p><\/div>\n                    <\/div>\n                <\/div>\n            <\/div><div class=\"testimonial-item  elementor-repeater-item-6ebfb89\">\n                <div class=\"testimonial-box\" >\n                    <div class=\"testimonial-slider hover-from-left\">\n                        <div class=\"comment-bio\">\n                <div class=\"profile-image\"><\/div>\n                <ul class=\"rating-stars\"><\/ul>\n                <span class=\"profile-info\">\n                    <strong class=\"profile-name\"><\/strong>\n                    <p class=\"profile-des\"><\/p>\n                <\/span>\n            <\/div><div class=\"comment-content\"><div class=\"icon-content\"><\/div><p><\/p><\/div>\n                    <\/div>\n                <\/div>\n            <\/div><div class=\"testimonial-item  elementor-repeater-item-e68489c\">\n                <div class=\"testimonial-box\" >\n                    <div class=\"testimonial-slider hover-from-left\">\n                        <div class=\"comment-bio\">\n                <div class=\"profile-image\"><\/div>\n                <ul class=\"rating-stars\"><\/ul>\n                <span class=\"profile-info\">\n                    <strong class=\"profile-name\"><\/strong>\n                    <p class=\"profile-des\"><\/p>\n                <\/span>\n            <\/div><div class=\"comment-content\"><div class=\"icon-content\"><\/div><p><\/p><\/div>\n                    <\/div>\n                <\/div>\n            <\/div><\/div>\n        <\/div><\/div>\t\t\t\t<\/div>\n\t\t\t\t<\/div>\n\t\t\t\t\t<\/div>\n\t\t\t\t<\/div>\n\t\t\t\t<\/div>\n\t\t","protected":false},"excerpt":{"rendered":"<p>Pod Nordique Une exp\u00e9rience nordique unique avec notre Pod, pens\u00e9 pour un s\u00e9jour confortable. Pod Nordique 13 m\u00b2 Voici les caract\u00e9ristiques de notre Pod Nordique : Ambiance Nordique : Un espace de 13 m\u00b2 inspir\u00e9 par la simplicit\u00e9 et la chaleur nordique. Couchage Confortable : Un lit de 140 x 190 pour des nuits douillettes. [&hellip;]<\/p>\n","protected":false},"author":1,"featured_media":0,"parent":0,"menu_order":8,"comment_status":"closed","ping_status":"closed","template":"elementor_header_footer","meta":{"footnotes":""},"class_list":["post-1624","page","type-page","status-publish","hentry"],"_links":{"self":[{"href":"https:\/\/camping-la-ferme.com\/nl\/wp-json\/wp\/v2\/pages\/1624","targetHints":{"allow":["GET"]}}],"collection":[{"href":"https:\/\/camping-la-ferme.com\/nl\/wp-json\/wp\/v2\/pages"}],"about":[{"href":"https:\/\/camping-la-ferme.com\/nl\/wp-json\/wp\/v2\/types\/page"}],"author":[{"embeddable":true,"href":"https:\/\/camping-la-ferme.com\/nl\/wp-json\/wp\/v2\/users\/1"}],"replies":[{"embeddable":true,"href":"https:\/\/camping-la-ferme.com\/nl\/wp-json\/wp\/v2\/comments?post=1624"}],"version-history":[{"count":46,"href":"https:\/\/camping-la-ferme.com\/nl\/wp-json\/wp\/v2\/pages\/1624\/revisions"}],"predecessor-version":[{"id":5606,"href":"https:\/\/camping-la-ferme.com\/nl\/wp-json\/wp\/v2\/pages\/1624\/revisions\/5606"}],"wp:attachment":[{"href":"https:\/\/camping-la-ferme.com\/nl\/wp-json\/wp\/v2\/media?parent=1624"}],"curies":[{"name":"wp","href":"https:\/\/api.w.org\/{rel}","templated":true}]}}