{"id":5445,"date":"2024-02-23T18:29:50","date_gmt":"2024-02-23T17:29:50","guid":{"rendered":"https:\/\/camping-la-ferme.com\/?page_id=5445"},"modified":"2026-03-11T18:40:52","modified_gmt":"2026-03-11T17:40:52","slug":"404-2","status":"publish","type":"page","link":"https:\/\/camping-la-ferme.com\/en\/404-2\/","title":{"rendered":"404"},"content":{"rendered":"<style>.elementor-5445 .elementor-element.elementor-element-14621d7b{--display:flex;--min-height:100vh;--flex-direction:column;--container-widget-width:100%;--container-widget-height:initial;--container-widget-flex-grow:0;--container-widget-align-self:initial;--flex-wrap-mobile:wrap;--justify-content:center;--overlay-opacity:1;--padding-top:0px;--padding-bottom:0px;--padding-left:20px;--padding-right:20px;}.elementor-5445 .elementor-element.elementor-element-14621d7b:not(.elementor-motion-effects-element-type-background), .elementor-5445 .elementor-element.elementor-element-14621d7b > .elementor-motion-effects-container > .elementor-motion-effects-layer{background-image:url(\"https:\/\/camping-la-ferme.com\/wp-content\/uploads\/2024\/02\/piscine-cfdc.jpg\");background-position:center center;background-size:cover;}.elementor-5445 .elementor-element.elementor-element-14621d7b::before, .elementor-5445 .elementor-element.elementor-element-14621d7b > .elementor-background-video-container::before, .elementor-5445 .elementor-element.elementor-element-14621d7b > .e-con-inner > .elementor-background-video-container::before, .elementor-5445 .elementor-element.elementor-element-14621d7b > .elementor-background-slideshow::before, .elementor-5445 .elementor-element.elementor-element-14621d7b > .e-con-inner > .elementor-background-slideshow::before, .elementor-5445 .elementor-element.elementor-element-14621d7b > .elementor-motion-effects-container > .elementor-motion-effects-layer::before{--background-overlay:'';background-color:#0F0F0F99;}.elementor-5445 .elementor-element.elementor-element-5612ad86{--display:flex;--align-items:center;--container-widget-width:calc( ( 1 - var( --container-widget-flex-grow ) ) * 100% );--padding-top:80px;--padding-bottom:70px;--padding-left:0px;--padding-right:0px;}.elementor-5445 .elementor-element.elementor-element-1ab40717{text-align:center;}.elementor-5445 .elementor-element.elementor-element-1ab40717 .elementor-heading-title{font-family:var( --e-global-typography-2c1c402-font-family ), Sans-serif;font-size:var( --e-global-typography-2c1c402-font-size );font-weight:var( --e-global-typography-2c1c402-font-weight );text-transform:var( --e-global-typography-2c1c402-text-transform );font-style:var( --e-global-typography-2c1c402-font-style );text-decoration:var( --e-global-typography-2c1c402-text-decoration );line-height:var( --e-global-typography-2c1c402-line-height );letter-spacing:var( --e-global-typography-2c1c402-letter-spacing );word-spacing:var( --e-global-typography-2c1c402-word-spacing );color:var( --e-global-color-f0e0728 );}.elementor-5445 .elementor-element.elementor-element-298e1254{text-align:center;font-family:var( --e-global-typography-64af694-font-family ), Sans-serif;font-size:var( --e-global-typography-64af694-font-size );font-weight:var( --e-global-typography-64af694-font-weight );text-transform:var( --e-global-typography-64af694-text-transform );font-style:var( --e-global-typography-64af694-font-style );text-decoration:var( --e-global-typography-64af694-text-decoration );line-height:var( --e-global-typography-64af694-line-height );letter-spacing:var( --e-global-typography-64af694-letter-spacing );word-spacing:var( --e-global-typography-64af694-word-spacing );color:var( --e-global-color-f0e0728 );width:var( --container-widget-width, 540px );max-width:540px;--container-widget-width:540px;--container-widget-flex-grow:0;}.elementor-5445 .elementor-element.elementor-element-298e1254 > .elementor-widget-container{padding:10px 0px 10px 0px;}.elementor-5445 .elementor-element.elementor-element-298e1254.elementor-element{--align-self:center;}.elementor-5445 .elementor-element.elementor-element-7863eb57 .jeg-elementor-kit.jkit-button .jkit-button-wrapper{padding:16px 36px 16px 36px;font-family:var( --e-global-typography-d618713-font-family ), Sans-serif;font-size:var( --e-global-typography-d618713-font-size );font-weight:var( --e-global-typography-d618713-font-weight );text-transform:var( --e-global-typography-d618713-text-transform );font-style:var( --e-global-typography-d618713-font-style );text-decoration:var( --e-global-typography-d618713-text-decoration );line-height:var( --e-global-typography-d618713-line-height );letter-spacing:var( --e-global-typography-d618713-letter-spacing );word-spacing:var( --e-global-typography-d618713-word-spacing );color:var( --e-global-color-f0e0728 );background-color:var( --e-global-color-primary );border-style:solid;border-width:1px 1px 1px 1px;border-color:var( --e-global-color-primary );border-radius:36px 36px 36px 36px;}.elementor-5445 .elementor-element.elementor-element-7863eb57 .jeg-elementor-kit.jkit-button .jkit-button-wrapper svg{fill:var( --e-global-color-f0e0728 );}.elementor-5445 .elementor-element.elementor-element-7863eb57 .jeg-elementor-kit.jkit-button .jkit-button-wrapper:hover{color:var( --e-global-color-f0e0728 );border-style:solid;border-width:1px 1px 1px 1px;border-color:var( --e-global-color-secondary );border-radius:36px 36px 36px 36px;}.elementor-5445 .elementor-element.elementor-element-7863eb57 .jeg-elementor-kit.jkit-button .jkit-button-wrapper:hover svg{fill:var( --e-global-color-f0e0728 );}.elementor-5445 .elementor-element.elementor-element-7863eb57 .jeg-elementor-kit.jkit-button .jkit-button-wrapper:not(.hover-gradient):hover, .elementor-5445 .elementor-element.elementor-element-7863eb57 .jeg-elementor-kit.jkit-button .jkit-button-wrapper.hover-gradient:before{background-color:var( --e-global-color-secondary );}.elementor-5445 .elementor-element.elementor-element-7863eb57 .jeg-elementor-kit.jkit-button.icon-position-before .jkit-button-wrapper i, .elementor-5445 .elementor-element.elementor-element-7863eb57 .jeg-elementor-kit.jkit-button.icon-position-before .jkit-button-wrapper svg{margin-right:5px;}.elementor-5445 .elementor-element.elementor-element-7863eb57 .jeg-elementor-kit.jkit-button.icon-position-after .jkit-button-wrapper i, .elementor-5445 .elementor-element.elementor-element-7863eb57 .jeg-elementor-kit.jkit-button.icon-position-after .jkit-button-wrapper svg{margin-left:5px;}.elementor-5445 .elementor-element.elementor-element-7863eb57 > .elementor-widget-container{margin:0px 0px 0px 0px;padding:0px 0px 0px 0px;}.elementor-5445 .elementor-element.elementor-element-7863eb57{width:auto;max-width:auto;}.elementor-5445 .elementor-element.elementor-element-7863eb57.elementor-element{--align-self:center;}@media(max-width:1366px){.elementor-5445 .elementor-element.elementor-element-1ab40717 .elementor-heading-title{font-size:var( --e-global-typography-2c1c402-font-size );line-height:var( --e-global-typography-2c1c402-line-height );letter-spacing:var( --e-global-typography-2c1c402-letter-spacing );word-spacing:var( --e-global-typography-2c1c402-word-spacing );}.elementor-5445 .elementor-element.elementor-element-298e1254{font-size:var( --e-global-typography-64af694-font-size );line-height:var( --e-global-typography-64af694-line-height );letter-spacing:var( --e-global-typography-64af694-letter-spacing );word-spacing:var( --e-global-typography-64af694-word-spacing );}.elementor-5445 .elementor-element.elementor-element-7863eb57 .jeg-elementor-kit.jkit-button .jkit-button-wrapper{font-size:var( --e-global-typography-d618713-font-size );line-height:var( --e-global-typography-d618713-line-height );letter-spacing:var( --e-global-typography-d618713-letter-spacing );word-spacing:var( --e-global-typography-d618713-word-spacing );}}@media(max-width:1024px){.elementor-5445 .elementor-element.elementor-element-14621d7b{--min-height:100vh;--padding-top:0px;--padding-bottom:0px;--padding-left:40px;--padding-right:40px;}.elementor-5445 .elementor-element.elementor-element-5612ad86{--padding-top:40px;--padding-bottom:60px;--padding-left:0px;--padding-right:0px;}.elementor-5445 .elementor-element.elementor-element-1ab40717{text-align:center;}.elementor-5445 .elementor-element.elementor-element-1ab40717 .elementor-heading-title{font-size:var( --e-global-typography-2c1c402-font-size );line-height:var( --e-global-typography-2c1c402-line-height );letter-spacing:var( --e-global-typography-2c1c402-letter-spacing );word-spacing:var( --e-global-typography-2c1c402-word-spacing );}.elementor-5445 .elementor-element.elementor-element-298e1254{font-size:var( --e-global-typography-64af694-font-size );line-height:var( --e-global-typography-64af694-line-height );letter-spacing:var( --e-global-typography-64af694-letter-spacing );word-spacing:var( --e-global-typography-64af694-word-spacing );--container-widget-width:70%;--container-widget-flex-grow:0;width:var( --container-widget-width, 70% );max-width:70%;}.elementor-5445 .elementor-element.elementor-element-7863eb57 .jeg-elementor-kit.jkit-button .jkit-button-wrapper{font-size:var( --e-global-typography-d618713-font-size );line-height:var( --e-global-typography-d618713-line-height );letter-spacing:var( --e-global-typography-d618713-letter-spacing );word-spacing:var( --e-global-typography-d618713-word-spacing );}.elementor-5445 .elementor-element.elementor-element-7863eb57.elementor-element{--align-self:center;}}@media(max-width:767px){.elementor-5445 .elementor-element.elementor-element-14621d7b{--min-height:100vh;--padding-top:0px;--padding-bottom:0px;--padding-left:20px;--padding-right:20px;}.elementor-5445 .elementor-element.elementor-element-1ab40717 .elementor-heading-title{font-size:var( --e-global-typography-2c1c402-font-size );line-height:var( --e-global-typography-2c1c402-line-height );letter-spacing:var( --e-global-typography-2c1c402-letter-spacing );word-spacing:var( --e-global-typography-2c1c402-word-spacing );}.elementor-5445 .elementor-element.elementor-element-1ab40717 > .elementor-widget-container{padding:0px 0px 0px 0px;}.elementor-5445 .elementor-element.elementor-element-298e1254{font-size:var( --e-global-typography-64af694-font-size );line-height:var( --e-global-typography-64af694-line-height );letter-spacing:var( --e-global-typography-64af694-letter-spacing );word-spacing:var( --e-global-typography-64af694-word-spacing );width:100%;max-width:100%;}.elementor-5445 .elementor-element.elementor-element-7863eb57 .jeg-elementor-kit.jkit-button{text-align:center;}.elementor-5445 .elementor-element.elementor-element-7863eb57 .jeg-elementor-kit.jkit-button .jkit-button-wrapper{font-size:var( --e-global-typography-d618713-font-size );line-height:var( --e-global-typography-d618713-line-height );letter-spacing:var( --e-global-typography-d618713-letter-spacing );word-spacing:var( --e-global-typography-d618713-word-spacing );}}<\/style>\t\t<div data-elementor-type=\"wp-page\" data-elementor-id=\"5445\" class=\"elementor elementor-5445\" data-elementor-post-type=\"page\">\n\t\t\t\t<div class=\"elementor-element elementor-element-14621d7b e-con-full e-flex e-con e-parent\" data-id=\"14621d7b\" data-element_type=\"container\" data-e-type=\"container\" data-settings=\"{&quot;background_background&quot;:&quot;classic&quot;}\">\n\t\t<div class=\"elementor-element elementor-element-5612ad86 e-con-full e-flex e-con e-child\" data-id=\"5612ad86\" data-element_type=\"container\" data-e-type=\"container\">\n\t\t\t\t<div class=\"elementor-element elementor-element-1ab40717 elementor-widget elementor-widget-heading\" data-id=\"1ab40717\" data-element_type=\"widget\" data-e-type=\"widget\" data-widget_type=\"heading.default\">\n\t\t\t\t<div class=\"elementor-widget-container\">\n\t\t\t\t\t<h1 class=\"elementor-heading-title elementor-size-default\">404<\/h1>\t\t\t\t<\/div>\n\t\t\t\t<\/div>\n\t\t\t\t<div class=\"elementor-element elementor-element-298e1254 elementor-widget__width-initial elementor-widget-mobile__width-inherit elementor-widget elementor-widget-text-editor\" data-id=\"298e1254\" data-element_type=\"widget\" data-e-type=\"widget\" data-widget_type=\"text-editor.default\">\n\t\t\t\t<div class=\"elementor-widget-container\">\n\t\t\t\t\t\t\t\t\t<p>The page you're looking for seems to have disappeared. Don't worry.<\/p>\t\t\t\t\t\t\t\t<\/div>\n\t\t\t\t<\/div>\n\t\t\t\t<div class=\"elementor-element elementor-element-7863eb57 elementor-widget__width-auto elementor-widget elementor-widget-jkit_button\" data-id=\"7863eb57\" data-element_type=\"widget\" data-e-type=\"widget\" data-widget_type=\"jkit_button.default\">\n\t\t\t\t<div class=\"elementor-widget-container\">\n\t\t\t\t\t<div  class=\"jeg-elementor-kit jkit-button  icon-position-before jeg_module___69f43ee2ea2e2\" ><a href=\"https:\/\/camping-la-ferme.com\/en\" class=\"jkit-button-wrapper\">Back to home page<\/a><\/div>\t\t\t\t<\/div>\n\t\t\t\t<\/div>\n\t\t\t\t<\/div>\n\t\t\t\t<\/div>\n\t\t\t\t<\/div>","protected":false},"excerpt":{"rendered":"<p>404 The page you are looking for seems to have disappeared. Don't worry. Back to home page<\/p>","protected":false},"author":1,"featured_media":0,"parent":0,"menu_order":15,"comment_status":"closed","ping_status":"closed","template":"elementor_canvas","meta":{"footnotes":""},"class_list":["post-5445","page","type-page","status-publish","hentry"],"yoast_head":"<!-- This site is optimized with the Yoast SEO plugin v27.4 - https:\/\/yoast.com\/product\/yoast-seo-wordpress\/ -->\n<title>404<\/title>\n<meta name=\"description\" content=\"Camping \u00e0 Castellane avec piscine et spa au c\u0153ur des Gorges du Verdon. Mobil-homes, chalets, emplacements pour un s\u00e9jour nature et d\u00e9tente.\" \/>\n<meta name=\"robots\" content=\"noindex, nofollow\" \/>\n<meta property=\"og:locale\" content=\"en_GB\" \/>\n<meta property=\"og:type\" content=\"article\" \/>\n<meta property=\"og:title\" content=\"404\" \/>\n<meta property=\"og:description\" content=\"Camping \u00e0 Castellane avec piscine et spa au c\u0153ur des Gorges du Verdon. Mobil-homes, chalets, emplacements pour un s\u00e9jour nature et d\u00e9tente.\" \/>\n<meta property=\"og:url\" content=\"https:\/\/camping-la-ferme.com\/en\/404-2\/\" \/>\n<meta property=\"og:site_name\" content=\"Camping La Ferme de Castellane\" \/>\n<meta property=\"article:modified_time\" content=\"2026-03-11T17:40:52+00:00\" \/>\n<meta property=\"og:image\" content=\"https:\/\/camping-la-ferme.com\/wp-content\/uploads\/2025\/02\/CH-jacuzzi-acc-pt-1.webp\" \/>\n\t<meta property=\"og:image:width\" content=\"920\" \/>\n\t<meta property=\"og:image:height\" content=\"613\" \/>\n\t<meta property=\"og:image:type\" content=\"image\/webp\" \/>\n<meta name=\"twitter:card\" content=\"summary_large_image\" \/>\n<meta name=\"twitter:label1\" content=\"Estimated reading time\" \/>\n\t<meta name=\"twitter:data1\" content=\"1 minute\" \/>\n<script type=\"application\/ld+json\" class=\"yoast-schema-graph\">{\"@context\":\"https:\\\/\\\/schema.org\",\"@graph\":[{\"@type\":\"WebPage\",\"@id\":\"https:\\\/\\\/camping-la-ferme.com\\\/404-2\\\/\",\"url\":\"https:\\\/\\\/camping-la-ferme.com\\\/404-2\\\/\",\"name\":\"404\",\"isPartOf\":{\"@id\":\"https:\\\/\\\/camping-la-ferme.com\\\/#website\"},\"datePublished\":\"2024-02-23T17:29:50+00:00\",\"dateModified\":\"2026-03-11T17:40:52+00:00\",\"description\":\"Camping \u00e0 Castellane avec piscine et spa au c\u0153ur des Gorges du Verdon. Mobil-homes, chalets, emplacements pour un s\u00e9jour nature et d\u00e9tente.\",\"breadcrumb\":{\"@id\":\"https:\\\/\\\/camping-la-ferme.com\\\/404-2\\\/#breadcrumb\"},\"inLanguage\":\"en-GB\",\"potentialAction\":[{\"@type\":\"ReadAction\",\"target\":[\"https:\\\/\\\/camping-la-ferme.com\\\/404-2\\\/\"]}]},{\"@type\":\"BreadcrumbList\",\"@id\":\"https:\\\/\\\/camping-la-ferme.com\\\/404-2\\\/#breadcrumb\",\"itemListElement\":[{\"@type\":\"ListItem\",\"position\":1,\"name\":\"Accueil\",\"item\":\"https:\\\/\\\/camping-la-ferme.com\\\/\"},{\"@type\":\"ListItem\",\"position\":2,\"name\":\"404\"}]},{\"@type\":\"WebSite\",\"@id\":\"https:\\\/\\\/camping-la-ferme.com\\\/#website\",\"url\":\"https:\\\/\\\/camping-la-ferme.com\\\/\",\"name\":\"Camping La Ferme de Castellane\",\"description\":\"L&#039;Aventure Naturellement\",\"publisher\":{\"@id\":\"https:\\\/\\\/camping-la-ferme.com\\\/#organization\"},\"alternateName\":\"Camping La Ferme de Castellane\",\"potentialAction\":[{\"@type\":\"SearchAction\",\"target\":{\"@type\":\"EntryPoint\",\"urlTemplate\":\"https:\\\/\\\/camping-la-ferme.com\\\/?s={search_term_string}\"},\"query-input\":{\"@type\":\"PropertyValueSpecification\",\"valueRequired\":true,\"valueName\":\"search_term_string\"}}],\"inLanguage\":\"en-GB\"},{\"@type\":\"Organization\",\"@id\":\"https:\\\/\\\/camping-la-ferme.com\\\/#organization\",\"name\":\"Camping La Ferme de Castellane\",\"url\":\"https:\\\/\\\/camping-la-ferme.com\\\/\",\"logo\":{\"@type\":\"ImageObject\",\"inLanguage\":\"en-GB\",\"@id\":\"https:\\\/\\\/camping-la-ferme.com\\\/#\\\/schema\\\/logo\\\/image\\\/\",\"url\":\"https:\\\/\\\/camping-la-ferme.com\\\/wp-content\\\/uploads\\\/2024\\\/01\\\/La_Ferme_Carte_logo-.png\",\"contentUrl\":\"https:\\\/\\\/camping-la-ferme.com\\\/wp-content\\\/uploads\\\/2024\\\/01\\\/La_Ferme_Carte_logo-.png\",\"width\":1004,\"height\":638,\"caption\":\"Camping La Ferme de Castellane\"},\"image\":{\"@id\":\"https:\\\/\\\/camping-la-ferme.com\\\/#\\\/schema\\\/logo\\\/image\\\/\"}}]}<\/script>\n<!-- \/ Yoast SEO plugin. -->","yoast_head_json":{"title":"404","description":"Castellane campsite with swimming pool and spa in the heart of the Gorges du Verdon. Mobile homes, chalets and pitches for a relaxing break in nature.","robots":{"index":"noindex","follow":"nofollow"},"og_locale":"en_GB","og_type":"article","og_title":"404","og_description":"Camping \u00e0 Castellane avec piscine et spa au c\u0153ur des Gorges du Verdon. Mobil-homes, chalets, emplacements pour un s\u00e9jour nature et d\u00e9tente.","og_url":"https:\/\/camping-la-ferme.com\/en\/404-2\/","og_site_name":"Camping La Ferme de Castellane","article_modified_time":"2026-03-11T17:40:52+00:00","og_image":[{"width":920,"height":613,"url":"https:\/\/camping-la-ferme.com\/wp-content\/uploads\/2025\/02\/CH-jacuzzi-acc-pt-1.webp","type":"image\/webp"}],"twitter_card":"summary_large_image","twitter_misc":{"Estimated reading time":"1 minute"},"schema":{"@context":"https:\/\/schema.org","@graph":[{"@type":"WebPage","@id":"https:\/\/camping-la-ferme.com\/404-2\/","url":"https:\/\/camping-la-ferme.com\/404-2\/","name":"404","isPartOf":{"@id":"https:\/\/camping-la-ferme.com\/#website"},"datePublished":"2024-02-23T17:29:50+00:00","dateModified":"2026-03-11T17:40:52+00:00","description":"Castellane campsite with swimming pool and spa in the heart of the Gorges du Verdon. Mobile homes, chalets and pitches for a relaxing break in nature.","breadcrumb":{"@id":"https:\/\/camping-la-ferme.com\/404-2\/#breadcrumb"},"inLanguage":"en-GB","potentialAction":[{"@type":"ReadAction","target":["https:\/\/camping-la-ferme.com\/404-2\/"]}]},{"@type":"BreadcrumbList","@id":"https:\/\/camping-la-ferme.com\/404-2\/#breadcrumb","itemListElement":[{"@type":"ListItem","position":1,"name":"Accueil","item":"https:\/\/camping-la-ferme.com\/"},{"@type":"ListItem","position":2,"name":"404"}]},{"@type":"WebSite","@id":"https:\/\/camping-la-ferme.com\/#website","url":"https:\/\/camping-la-ferme.com\/","name":"Campsite La Ferme de Castellane","description":"L'Aventure Naturellement","publisher":{"@id":"https:\/\/camping-la-ferme.com\/#organization"},"alternateName":"Camping La Ferme de Castellane","potentialAction":[{"@type":"SearchAction","target":{"@type":"EntryPoint","urlTemplate":"https:\/\/camping-la-ferme.com\/?s={search_term_string}"},"query-input":{"@type":"PropertyValueSpecification","valueRequired":true,"valueName":"search_term_string"}}],"inLanguage":"en-GB"},{"@type":"Organization","@id":"https:\/\/camping-la-ferme.com\/#organization","name":"Campsite La Ferme de Castellane","url":"https:\/\/camping-la-ferme.com\/","logo":{"@type":"ImageObject","inLanguage":"en-GB","@id":"https:\/\/camping-la-ferme.com\/#\/schema\/logo\/image\/","url":"https:\/\/camping-la-ferme.com\/wp-content\/uploads\/2024\/01\/La_Ferme_Carte_logo-.png","contentUrl":"https:\/\/camping-la-ferme.com\/wp-content\/uploads\/2024\/01\/La_Ferme_Carte_logo-.png","width":1004,"height":638,"caption":"Camping La Ferme de Castellane"},"image":{"@id":"https:\/\/camping-la-ferme.com\/#\/schema\/logo\/image\/"}}]}},"_links":{"self":[{"href":"https:\/\/camping-la-ferme.com\/en\/wp-json\/wp\/v2\/pages\/5445","targetHints":{"allow":["GET"]}}],"collection":[{"href":"https:\/\/camping-la-ferme.com\/en\/wp-json\/wp\/v2\/pages"}],"about":[{"href":"https:\/\/camping-la-ferme.com\/en\/wp-json\/wp\/v2\/types\/page"}],"author":[{"embeddable":true,"href":"https:\/\/camping-la-ferme.com\/en\/wp-json\/wp\/v2\/users\/1"}],"replies":[{"embeddable":true,"href":"https:\/\/camping-la-ferme.com\/en\/wp-json\/wp\/v2\/comments?post=5445"}],"version-history":[{"count":4,"href":"https:\/\/camping-la-ferme.com\/en\/wp-json\/wp\/v2\/pages\/5445\/revisions"}],"predecessor-version":[{"id":5450,"href":"https:\/\/camping-la-ferme.com\/en\/wp-json\/wp\/v2\/pages\/5445\/revisions\/5450"}],"wp:attachment":[{"href":"https:\/\/camping-la-ferme.com\/en\/wp-json\/wp\/v2\/media?parent=5445"}],"curies":[{"name":"wp","href":"https:\/\/api.w.org\/{rel}","templated":true}]}}