{"id":3,"date":"2024-01-10T17:09:32","date_gmt":"2024-01-10T16:09:32","guid":{"rendered":"http:\/\/camping-la-ferme.com\/?page_id=3"},"modified":"2024-01-28T11:13:33","modified_gmt":"2024-01-28T10:13:33","slug":"datenschutzrichtlinie","status":"publish","type":"page","link":"https:\/\/camping-la-ferme.com\/de\/politique-de-confidentialite\/","title":{"rendered":"Datenschutzrichtlinie"},"content":{"rendered":"<style>.elementor-3 .elementor-element.elementor-element-293c4199{--display:flex;}<\/style>\t\t<div data-elementor-type=\"wp-page\" data-elementor-id=\"3\" class=\"elementor elementor-3\" data-elementor-post-type=\"page\">\n\t\t\t\t<div class=\"elementor-element elementor-element-293c4199 e-flex e-con-boxed e-con e-parent\" data-id=\"293c4199\" data-element_type=\"container\" data-e-type=\"container\">\n\t\t\t\t\t<div class=\"e-con-inner\">\n\t\t\t\t<div class=\"elementor-element elementor-element-8ae6bf3 elementor-widget elementor-widget-button\" data-id=\"8ae6bf3\" data-element_type=\"widget\" data-e-type=\"widget\" data-widget_type=\"button.default\">\n\t\t\t\t<div class=\"elementor-widget-container\">\n\t\t\t\t\t\t\t\t\t<div class=\"elementor-button-wrapper\">\n\t\t\t\t\t<a class=\"elementor-button elementor-button-link elementor-size-sm\" href=\"https:\/\/camping-la-ferme.com\/de\">\n\t\t\t\t\t\t<span class=\"elementor-button-content-wrapper\">\n\t\t\t\t\t\t\t\t\t<span class=\"elementor-button-text\">Startseite<\/span>\n\t\t\t\t\t<\/span>\n\t\t\t\t\t<\/a>\n\t\t\t\t<\/div>\n\t\t\t\t\t\t\t\t<\/div>\n\t\t\t\t<\/div>\n\t\t\t\t<div class=\"elementor-element elementor-element-32aa102f elementor-widget elementor-widget-text-editor\" data-id=\"32aa102f\" data-element_type=\"widget\" data-e-type=\"widget\" data-widget_type=\"text-editor.default\">\n\t\t\t\t<div class=\"elementor-widget-container\">\n\t\t\t\t\t\t\t\t\t<div class=\"elementor-element elementor-element-66b8c400 elementor-widget elementor-widget-heading\" data-id=\"66b8c400\" data-element_type=\"widget\" data-widget_type=\"heading.default\">\n<div class=\"elementor-widget-container\">\n<h2 class=\"elementor-heading-title elementor-size-default\">Datenschutzrichtlinie<\/h2>\n<p>\u00a0<\/p>\n<p class=\"elementor-heading-title elementor-size-default\"><strong style=\"font-size: 16px;\">Allgemeine Informationen<\/strong><span style=\"font-size: 16px;\">\u00a0:<\/span><\/p>\n<p>\u00a0<\/p>\n<\/div>\n<\/div>\n<div class=\"elementor-element elementor-element-7952ac6 elementor-widget elementor-widget-text-editor\" data-id=\"7952ac6\" data-element_type=\"widget\" data-widget_type=\"text-editor.default\">\n<div class=\"elementor-widget-container\">\n<p>Wenn Sie unsere Website besuchen, werden verschiedene Arten von Informationen gesammelt, darunter die IP-Adresse, von der aus Sie auf die Website zugreifen, die Version und der Typ des Browsers, mit dem Sie auf die Website zugreifen, das verwendete Betriebssystem, die Domains und die Uhrzeit der Anfrage. Diese Informationen erm\u00f6glichen es uns nicht, die Identit\u00e4t des Nutzers zu identifizieren, und das ist auch nicht unser Ziel. Wir verwenden die gesammelten Informationen ausschlie\u00dflich zu statistischen Zwecken, die es uns vor allem erm\u00f6glichen, den Inhalt und die Darstellung unserer Website zu verbessern. Bitte beachten Sie, dass wir zus\u00e4tzliche Daten wie Name, Post- und E-Mail-Adressen und Telefonnummern sammeln k\u00f6nnen, die Sie uns freiwillig zur Verf\u00fcgung stellen, wenn Sie auf unserer Website surfen. Sie k\u00f6nnen auch unter Verwendung eines Pseudonyms oder anonymisierter Daten bezahlen und unsere Dienste in Anspruch nehmen, ohne uns die oben genannten personenbezogenen Daten mitzuteilen.<\/p>\n<p><strong>Cookies<\/strong>\u00a0:<\/p>\n<p>Diese Website verwendet Cookies, um Daten zu sammeln, die f\u00fcr statistische Zwecke verwendet werden. Cookies sind kleine Dateien, die auf der Festplatte Ihres Computers gespeichert werden; wenn Sie auf unserer Website surfen, \u00fcberwachen sie Ihre Aktivit\u00e4ten und liefern uns so Schl\u00fcsseldaten, mit denen wir Ihnen die Navigation erleichtern k\u00f6nnen. Wenn Cookies auf Ihrem Computer gespeichert sind, m\u00fcssen Sie nicht jedes Mal, wenn Sie diese Website besuchen, alle f\u00fcr den Zugriff auf diese Website erforderlichen Daten eingeben. Diese Daten erm\u00f6glichen es uns, unsere Website an Ihren Geschmack und Ihre Bed\u00fcrfnisse anzupassen; dies ist Teil unserer Bem\u00fchungen, Ihnen einen reibungslosen Zugang zu unseren Seiten und Diensten zu erm\u00f6glichen. Wenn Sie nicht m\u00f6chten, dass Cookies auf Ihrem Computer gespeichert werden, k\u00f6nnen Sie mithilfe der Browsereinstellungen die Cookies von unserer Seite blockieren. Um zu erfahren, wie Sie Ihren Browser bez\u00fcglich der Verwaltung von Cookies konfigurieren, besuchen Sie bitte das Hilfecenter Ihres Browsers. Sie k\u00f6nnen bereits auf Ihrem Computer gespeicherte Cookies l\u00f6schen, wenn Sie dies w\u00fcnschen. Bitte beachten Sie, dass das Blockieren von Cookies den Zugang zu bestimmten Funktionen unserer Website einschr\u00e4nken und zu einer geringeren Benutzerfreundlichkeit f\u00fchren kann.<\/p>\n<p><strong>Weitergabe von Daten an Dritte<\/strong>\u00a0:<\/p>\n<p>Sofern in dieser Erkl\u00e4rung nicht anders angegeben, werden alle Daten, die Sie mit uns teilen oder die wir von Ihnen erheben, wenn Sie auf unserer Website surfen, geheim gehalten und nicht an Dritte weitergegeben, es sei denn, dies ist gesetzlich vorgeschrieben oder die Daten m\u00fcssen zum Zweck der Erf\u00fcllung des Vertragsverh\u00e4ltnisses, das Sie eingegangen sind, weitergegeben werden. Dritte Unternehmen und Partner, darunter Online-Zahlungsunternehmen, haben nur dann Zugriff auf diese Daten, wenn dies f\u00fcr die Bearbeitung Ihrer Bestellung erforderlich ist. In diesen F\u00e4llen stellen wir sicher, dass der Rahmen der Daten\u00fcbermittlung auf dem vereinbarten wesentlichen Minimum gehalten wird. Wir schreiben au\u00dferdem eine strenge Datenschutzrichtlinie f\u00fcr personenbezogene Daten vor, die Sie uns zur Verf\u00fcgung stellen oder die wir finden. Indem wir diese Richtlinien befolgen, halten wir uns an die Bestimmungen der Datenschutzgesetze. Bitte beachten Sie, dass wir nicht f\u00fcr Daten verantwortlich sind, die Sie an andere Dienstleister weitergeben. Wir ergreifen lediglich Ma\u00dfnahmen, um sicherzustellen, dass alle Daten \u00fcber Sie, die von anderen Dienstleistern weitergegeben werden, in \u00dcbereinstimmung mit den Anforderungen der Datenschutz- und Privatsph\u00e4regesetze weitergegeben werden, wie sie in unserer Datenschutzrichtlinie aufgef\u00fchrt sind.<\/p>\n<p><strong>Google Analytics<\/strong>\u00a0:<\/p>\n<p>Diese Website benutzt Google Analytics, einen von Google betriebenen Analysedienst, der Websites dabei hilft, zu verstehen, wie sie ihre Seiten personalisieren k\u00f6nnen, um die Nutzererfahrung zu verbessern. Dieser Dienst verwendet Cookies, um Ihre Aktionen zu verfolgen, einschlie\u00dflich der Zeit, die Sie auf unserer Website verbringen, und der Seiten, die Sie besuchen. Bitte beachten Sie, dass durch die Nutzung unseres Google Analytics-Kontos keine Ihrer pers\u00f6nlichen Daten erfasst werden, sodass wir nicht feststellen k\u00f6nnen, wer unsere Website besucht. Weitere Informationen zu Google Analytics finden Sie auf der offiziellen Seite.<\/p>\n<p><strong>Google Adwords Remarketing<\/strong>\u00a0:<\/p>\n<p>Wir verwenden Google AdWords Remarketing f\u00fcr Werbezwecke im Internet. Mithilfe des AdWords Remarketing-Programms werden relevante Werbeanzeigen angezeigt, die auf den von Ihnen besuchten Seiten der Website basieren. Diese Informationen werden \u00fcber ein Cookie gesammelt, das auf Ihrem Computer abgelegt wird. DIESES COOKIE WIRD KEINE PERS\u00d6NLICHEN DATEN IDENTIFIZIEREN UND KEINEN ZUGRIFF AUF IHREN COMPUTER GEW\u00c4HREN. Mithilfe des Remarketing-Programms von Google AdWords k\u00f6nnen wir unsere Marketingma\u00dfnahmen auf Ihre Bed\u00fcrfnisse zuschneiden und nur Werbung anzeigen, die Sie wahrscheinlich ansprechen wird.<\/p>\n<p><strong>Facebook: Custom Audience Pixel<\/strong>\u00a0(personalisierte Audienz auf Ihrer Website) :<\/p>\n<p>Ein Facebook-Pixel f\u00fcr Custom Audience ist ein St\u00fcck JavaScript-Code, das auf jeder Seite deiner Website installiert wird und nutzerdefinierte Daten sammelt und an das Marketingprogramm von Facebook weiterleitet. Wir nutzen diesen Dienst, um Daten zu sammeln, die mit dem Verhalten der Nutzer auf unserer Seite zusammenh\u00e4ngen. Zu den von dem Pixel gesammelten Informationen geh\u00f6rt die Browsersitzung des Nutzers, die zusammen mit einer gehashten ID und der vom Nutzer besuchten URL an Facebook gesendet wird. Jeder Facebook-Nutzer hat unabh\u00e4ngig vom verwendeten Ger\u00e4t eine eindeutige Facebook-ID, die uns dabei hilft, Besucher zu \u00fcberwachen, wenn sie von verschiedenen Ger\u00e4tetypen aus auf unsere Seite zugreifen. Wir verwenden diese Daten zu kommerziellen Zwecken und insbesondere zur gezielten Ausrichtung von Werbeanzeigen mit der Facebook-Werbeplattform.<\/p>\n<p><strong>Newsletter<\/strong>\u00a0:<\/p>\n<p>Sie werden nur dann Werbeinformationen \u00fcber unseren Newsletter erhalten, wenn Sie uns erlauben, Ihre E-Mail-Adresse zu diesem Zweck zu verwenden. Unsere Website oder ihre Tochtergesellschaften werden Ihnen niemals Newsletter oder E-Mails mit Werbecharakter zusenden, wenn Sie sich nicht daf\u00fcr angemeldet haben. Wenn Sie sich f\u00fcr unseren Newsletter anmelden, k\u00f6nnen Sie Ihre Interessengebiete ausw\u00e4hlen, um die damit verbundenen E-Mails zu erhalten. Wir verwenden diese Angaben zusammen mit Ihren pers\u00f6nlichen Daten, um Ihnen Informationen zu senden, die f\u00fcr Sie von Interesse sind. Wenn Sie sich lieber von unserem Newsletter oder unseren Werbe-E-Mails abmelden m\u00f6chten, k\u00f6nnen Sie auf den Abmeldelink am Ende unserer E-Mails klicken.<\/p>\n<p>\u00a0<\/p>\n<\/div>\n<\/div>\t\t\t\t\t\t\t\t<\/div>\n\t\t\t\t<\/div>\n\t\t\t\t<div class=\"elementor-element elementor-element-ec31138 elementor-align-right elementor-widget elementor-widget-button\" data-id=\"ec31138\" data-element_type=\"widget\" data-e-type=\"widget\" data-widget_type=\"button.default\">\n\t\t\t\t<div class=\"elementor-widget-container\">\n\t\t\t\t\t\t\t\t\t<div class=\"elementor-button-wrapper\">\n\t\t\t\t\t<a class=\"elementor-button elementor-button-link elementor-size-sm\" href=\"https:\/\/camping-la-ferme.com\/de\">\n\t\t\t\t\t\t<span class=\"elementor-button-content-wrapper\">\n\t\t\t\t\t\t\t\t\t<span class=\"elementor-button-text\">Startseite<\/span>\n\t\t\t\t\t<\/span>\n\t\t\t\t\t<\/a>\n\t\t\t\t<\/div>\n\t\t\t\t\t\t\t\t<\/div>\n\t\t\t\t<\/div>\n\t\t\t\t\t<\/div>\n\t\t\t\t<\/div>\n\t\t\t\t<\/div>","protected":false},"excerpt":{"rendered":"<p>Accueil Politique de confidentialit\u00e9 \u00a0 Informations g\u00e9n\u00e9rales\u00a0: \u00a0 Lorsque vous visitez notre site Internet, diff\u00e9rents types d\u2019informations sont r\u00e9colt\u00e9s dont l\u2019adresse IP depuis laquelle vous acc\u00e9dez au site, la version et le type de navigateur utilis\u00e9s pour acc\u00e9der au site, le syst\u00e8me d\u2019exploitation utilis\u00e9, les domaines et l\u2019heure de la requ\u00eate. Ces informations ne nous [&hellip;]<\/p>\n","protected":false},"author":1,"featured_media":0,"parent":0,"menu_order":0,"comment_status":"closed","ping_status":"open","template":"elementor_canvas","meta":{"footnotes":""},"class_list":["post-3","page","type-page","status-publish","hentry"],"yoast_head":"<!-- This site is optimized with the Yoast SEO plugin v27.4 - https:\/\/yoast.com\/product\/yoast-seo-wordpress\/ -->\n<title>Politique de confidentialit\u00e9<\/title>\n<meta name=\"description\" content=\"Camping \u00e0 Castellane avec piscine et spa au c\u0153ur des Gorges du Verdon. Mobil-homes, chalets, emplacements pour un s\u00e9jour nature et d\u00e9tente.\" \/>\n<meta name=\"robots\" content=\"noindex, nofollow\" \/>\n<meta property=\"og:locale\" content=\"de_DE\" \/>\n<meta property=\"og:type\" content=\"article\" \/>\n<meta property=\"og:title\" content=\"Politique de confidentialit\u00e9\" \/>\n<meta property=\"og:description\" content=\"Camping \u00e0 Castellane avec piscine et spa au c\u0153ur des Gorges du Verdon. Mobil-homes, chalets, emplacements pour un s\u00e9jour nature et d\u00e9tente.\" \/>\n<meta property=\"og:url\" content=\"https:\/\/camping-la-ferme.com\/de\/datenschutzrichtlinie\/\" \/>\n<meta property=\"og:site_name\" content=\"Camping La Ferme de Castellane\" \/>\n<meta property=\"article:modified_time\" content=\"2024-01-28T10:13:33+00:00\" \/>\n<meta property=\"og:image\" content=\"https:\/\/camping-la-ferme.com\/wp-content\/uploads\/2025\/02\/CH-jacuzzi-acc-pt-1.webp\" \/>\n\t<meta property=\"og:image:width\" content=\"920\" \/>\n\t<meta property=\"og:image:height\" content=\"613\" \/>\n\t<meta property=\"og:image:type\" content=\"image\/webp\" \/>\n<meta name=\"twitter:card\" content=\"summary_large_image\" \/>\n<meta name=\"twitter:label1\" content=\"Gesch\u00e4tzte Lesezeit\" \/>\n\t<meta name=\"twitter:data1\" content=\"11\u00a0Minuten\" \/>\n<script type=\"application\/ld+json\" class=\"yoast-schema-graph\">{\"@context\":\"https:\\\/\\\/schema.org\",\"@graph\":[{\"@type\":\"WebPage\",\"@id\":\"https:\\\/\\\/camping-la-ferme.com\\\/politique-de-confidentialite\\\/\",\"url\":\"https:\\\/\\\/camping-la-ferme.com\\\/politique-de-confidentialite\\\/\",\"name\":\"Politique de confidentialit\u00e9\",\"isPartOf\":{\"@id\":\"https:\\\/\\\/camping-la-ferme.com\\\/#website\"},\"datePublished\":\"2024-01-10T16:09:32+00:00\",\"dateModified\":\"2024-01-28T10:13:33+00:00\",\"description\":\"Camping \u00e0 Castellane avec piscine et spa au c\u0153ur des Gorges du Verdon. Mobil-homes, chalets, emplacements pour un s\u00e9jour nature et d\u00e9tente.\",\"breadcrumb\":{\"@id\":\"https:\\\/\\\/camping-la-ferme.com\\\/politique-de-confidentialite\\\/#breadcrumb\"},\"inLanguage\":\"de\",\"potentialAction\":[{\"@type\":\"ReadAction\",\"target\":[\"https:\\\/\\\/camping-la-ferme.com\\\/politique-de-confidentialite\\\/\"]}]},{\"@type\":\"BreadcrumbList\",\"@id\":\"https:\\\/\\\/camping-la-ferme.com\\\/politique-de-confidentialite\\\/#breadcrumb\",\"itemListElement\":[{\"@type\":\"ListItem\",\"position\":1,\"name\":\"Accueil\",\"item\":\"https:\\\/\\\/camping-la-ferme.com\\\/\"},{\"@type\":\"ListItem\",\"position\":2,\"name\":\"Politique de confidentialit\u00e9\"}]},{\"@type\":\"WebSite\",\"@id\":\"https:\\\/\\\/camping-la-ferme.com\\\/#website\",\"url\":\"https:\\\/\\\/camping-la-ferme.com\\\/\",\"name\":\"Camping La Ferme de Castellane\",\"description\":\"L&#039;Aventure Naturellement\",\"publisher\":{\"@id\":\"https:\\\/\\\/camping-la-ferme.com\\\/#organization\"},\"alternateName\":\"Camping La Ferme de Castellane\",\"potentialAction\":[{\"@type\":\"SearchAction\",\"target\":{\"@type\":\"EntryPoint\",\"urlTemplate\":\"https:\\\/\\\/camping-la-ferme.com\\\/?s={search_term_string}\"},\"query-input\":{\"@type\":\"PropertyValueSpecification\",\"valueRequired\":true,\"valueName\":\"search_term_string\"}}],\"inLanguage\":\"de\"},{\"@type\":\"Organization\",\"@id\":\"https:\\\/\\\/camping-la-ferme.com\\\/#organization\",\"name\":\"Camping La Ferme de Castellane\",\"url\":\"https:\\\/\\\/camping-la-ferme.com\\\/\",\"logo\":{\"@type\":\"ImageObject\",\"inLanguage\":\"de\",\"@id\":\"https:\\\/\\\/camping-la-ferme.com\\\/#\\\/schema\\\/logo\\\/image\\\/\",\"url\":\"https:\\\/\\\/camping-la-ferme.com\\\/wp-content\\\/uploads\\\/2024\\\/01\\\/La_Ferme_Carte_logo-.png\",\"contentUrl\":\"https:\\\/\\\/camping-la-ferme.com\\\/wp-content\\\/uploads\\\/2024\\\/01\\\/La_Ferme_Carte_logo-.png\",\"width\":1004,\"height\":638,\"caption\":\"Camping La Ferme de Castellane\"},\"image\":{\"@id\":\"https:\\\/\\\/camping-la-ferme.com\\\/#\\\/schema\\\/logo\\\/image\\\/\"}}]}<\/script>\n<!-- \/ Yoast SEO plugin. -->","yoast_head_json":{"title":"Datenschutzrichtlinie","description":"Campingplatz in Castellane mit Schwimmbad und Spa im Herzen der Gorges du Verdon. Mobilheime, Chalets, Stellpl\u00e4tze f\u00fcr einen Aufenthalt in der Natur und zur Entspannung.","robots":{"index":"noindex","follow":"nofollow"},"og_locale":"de_DE","og_type":"article","og_title":"Politique de confidentialit\u00e9","og_description":"Camping \u00e0 Castellane avec piscine et spa au c\u0153ur des Gorges du Verdon. Mobil-homes, chalets, emplacements pour un s\u00e9jour nature et d\u00e9tente.","og_url":"https:\/\/camping-la-ferme.com\/de\/datenschutzrichtlinie\/","og_site_name":"Camping La Ferme de Castellane","article_modified_time":"2024-01-28T10:13:33+00:00","og_image":[{"width":920,"height":613,"url":"https:\/\/camping-la-ferme.com\/wp-content\/uploads\/2025\/02\/CH-jacuzzi-acc-pt-1.webp","type":"image\/webp"}],"twitter_card":"summary_large_image","twitter_misc":{"Gesch\u00e4tzte Lesezeit":"11\u00a0Minuten"},"schema":{"@context":"https:\/\/schema.org","@graph":[{"@type":"WebPage","@id":"https:\/\/camping-la-ferme.com\/politique-de-confidentialite\/","url":"https:\/\/camping-la-ferme.com\/politique-de-confidentialite\/","name":"Datenschutzrichtlinie","isPartOf":{"@id":"https:\/\/camping-la-ferme.com\/#website"},"datePublished":"2024-01-10T16:09:32+00:00","dateModified":"2024-01-28T10:13:33+00:00","description":"Campingplatz in Castellane mit Schwimmbad und Spa im Herzen der Gorges du Verdon. Mobilheime, Chalets, Stellpl\u00e4tze f\u00fcr einen Aufenthalt in der Natur und zur Entspannung.","breadcrumb":{"@id":"https:\/\/camping-la-ferme.com\/politique-de-confidentialite\/#breadcrumb"},"inLanguage":"de","potentialAction":[{"@type":"ReadAction","target":["https:\/\/camping-la-ferme.com\/politique-de-confidentialite\/"]}]},{"@type":"BreadcrumbList","@id":"https:\/\/camping-la-ferme.com\/politique-de-confidentialite\/#breadcrumb","itemListElement":[{"@type":"ListItem","position":1,"name":"Accueil","item":"https:\/\/camping-la-ferme.com\/"},{"@type":"ListItem","position":2,"name":"Politique de confidentialit\u00e9"}]},{"@type":"WebSite","@id":"https:\/\/camping-la-ferme.com\/#website","url":"https:\/\/camping-la-ferme.com\/","name":"Campingplatz La Ferme de Castellane","description":"Abenteuer Nat\u00fcrlich","publisher":{"@id":"https:\/\/camping-la-ferme.com\/#organization"},"alternateName":"Camping La Ferme de Castellane","potentialAction":[{"@type":"SearchAction","target":{"@type":"EntryPoint","urlTemplate":"https:\/\/camping-la-ferme.com\/?s={search_term_string}"},"query-input":{"@type":"PropertyValueSpecification","valueRequired":true,"valueName":"search_term_string"}}],"inLanguage":"de"},{"@type":"Organization","@id":"https:\/\/camping-la-ferme.com\/#organization","name":"Campingplatz La Ferme de Castellane","url":"https:\/\/camping-la-ferme.com\/","logo":{"@type":"ImageObject","inLanguage":"de","@id":"https:\/\/camping-la-ferme.com\/#\/schema\/logo\/image\/","url":"https:\/\/camping-la-ferme.com\/wp-content\/uploads\/2024\/01\/La_Ferme_Carte_logo-.png","contentUrl":"https:\/\/camping-la-ferme.com\/wp-content\/uploads\/2024\/01\/La_Ferme_Carte_logo-.png","width":1004,"height":638,"caption":"Camping La Ferme de Castellane"},"image":{"@id":"https:\/\/camping-la-ferme.com\/#\/schema\/logo\/image\/"}}]}},"_links":{"self":[{"href":"https:\/\/camping-la-ferme.com\/de\/wp-json\/wp\/v2\/pages\/3","targetHints":{"allow":["GET"]}}],"collection":[{"href":"https:\/\/camping-la-ferme.com\/de\/wp-json\/wp\/v2\/pages"}],"about":[{"href":"https:\/\/camping-la-ferme.com\/de\/wp-json\/wp\/v2\/types\/page"}],"author":[{"embeddable":true,"href":"https:\/\/camping-la-ferme.com\/de\/wp-json\/wp\/v2\/users\/1"}],"replies":[{"embeddable":true,"href":"https:\/\/camping-la-ferme.com\/de\/wp-json\/wp\/v2\/comments?post=3"}],"version-history":[{"count":19,"href":"https:\/\/camping-la-ferme.com\/de\/wp-json\/wp\/v2\/pages\/3\/revisions"}],"predecessor-version":[{"id":2150,"href":"https:\/\/camping-la-ferme.com\/de\/wp-json\/wp\/v2\/pages\/3\/revisions\/2150"}],"wp:attachment":[{"href":"https:\/\/camping-la-ferme.com\/de\/wp-json\/wp\/v2\/media?parent=3"}],"curies":[{"name":"wp","href":"https:\/\/api.w.org\/{rel}","templated":true}]}}